{"id":175,"date":"2021-12-13T04:45:44","date_gmt":"2021-12-13T04:45:44","guid":{"rendered":"https:\/\/live.21lab.co\/fixlab\/?page_id=175"},"modified":"2023-07-20T06:19:16","modified_gmt":"2023-07-20T06:19:16","slug":"contactanos","status":"publish","type":"page","link":"https:\/\/motosjesus.com\/en\/contactanos\/","title":{"rendered":"Cont\u00e1ctanos"},"content":{"rendered":"<div data-elementor-type=\"wp-page\" data-elementor-id=\"175\" class=\"elementor elementor-175\" data-elementor-post-type=\"page\">\n\t\t\t\t\t\t<div class=\"elementor-section elementor-top-section elementor-element elementor-element-a2b407a elementor-section-boxed elementor-section-height-default elementor-section-height-default\" data-id=\"a2b407a\" data-element_type=\"section\" data-e-type=\"section\">\n\t\t\t\t\t\t<div class=\"elementor-container elementor-column-gap-default\">\n\t\t\t\t\t<div class=\"elementor-column elementor-col-100 elementor-top-column elementor-element elementor-element-0d8f578\" data-id=\"0d8f578\" data-element_type=\"column\" data-e-type=\"column\">\n\t\t\t<div class=\"elementor-widget-wrap elementor-element-populated\">\n\t\t\t\t\t\t<div class=\"elementor-section elementor-inner-section elementor-element elementor-element-db2f34e elementor-section-boxed elementor-section-height-default elementor-section-height-default\" data-id=\"db2f34e\" data-element_type=\"section\" data-e-type=\"section\">\n\t\t\t\t\t\t<div class=\"elementor-container elementor-column-gap-extended\">\n\t\t\t\t\t<div class=\"elementor-column elementor-col-33 elementor-inner-column elementor-element elementor-element-60e10f6\" data-id=\"60e10f6\" data-element_type=\"column\" data-e-type=\"column\">\n\t\t\t<div class=\"elementor-widget-wrap elementor-element-populated\">\n\t\t\t\t\t\t<div class=\"elementor-element elementor-element-1849ed4 pp-info-box-left elementor-widget elementor-widget-pp-info-box\" data-id=\"1849ed4\" data-element_type=\"widget\" data-e-type=\"widget\" data-widget_type=\"pp-info-box.default\">\n\t\t\t\t<div class=\"elementor-widget-container\">\n\t\t\t\t\t\t\t<div class=\"pp-info-box-container\">\n\t\t\t<div class=\"pp-info-box\">\n\t\t\t\t\t\t\t\t\t<div class=\"pp-info-box-icon-wrap\">\n\t\t\t\t\t\t\t\t\t\t\t\t\t\t<span class=\"pp-info-box-icon pp-icon\">\n\t\t\t\t\t\t\t<svg xmlns=\"http:\/\/www.w3.org\/2000\/svg\" height=\"64\" width=\"64\" viewbox=\"0 0 64 64\"><title>miner<\/title><g fill=\"#909192\" class=\"nc-icon-wrapper\"><path d=\"M50,18H48.95A16.981,16.981,0,0,0,36,2.5V4a1,1,0,0,1-2,0V1a1,1,0,0,0-1-1H31a1,1,0,0,0-1,1V4a1,1,0,0,1-2,0V2.5A16.981,16.981,0,0,0,15.05,18H14a1,1,0,0,0-1,1v1a1,1,0,0,0,1,1h3.039C17.451,32.69,24.931,39,32,39s14.549-6.31,14.961-18H50a1,1,0,0,0,1-1V19A1,1,0,0,0,50,18ZM32,10a3,3,0,1,1-3,3A3,3,0,0,1,32,10Zm0,27c-8.1,0-12.614-8.066-12.966-16H44.966C44.614,28.934,40.1,37,32,37Z\" fill=\"#bb0a07\"><\/path><path d=\"M20,48a5.006,5.006,0,0,0,5,5H39a5.006,5.006,0,0,0,5-5V41.7l-3.59-1.615A1.1,1.1,0,0,0,40,40c-.291,0-.4.063-.946.35a15.9,15.9,0,0,1-14.108,0C24.4,40.063,24.291,40,24,40a1.1,1.1,0,0,0-.41.088L20,41.7Z\" fill=\"#bb0a07\"><\/path><path d=\"M39,55H25a7.009,7.009,0,0,1-7-7V42.6l-4,1.8V62H50V44.4l-4-1.8V48A7.009,7.009,0,0,1,39,55Z\" data-color=\"color-2\"><\/path><path d=\"M12,45.3,8.307,46.965A9.015,9.015,0,0,0,3,55.172V61a1,1,0,0,0,1,1h8Z\" fill=\"#bb0a07\"><\/path><path d=\"M55.693,46.965,52,45.3V62h8a1,1,0,0,0,1-1V55.172A9.015,9.015,0,0,0,55.693,46.965Z\" fill=\"#bb0a07\"><\/path><\/g><\/svg>\t\t\t\t\t\t<\/span>\n\t\t\t\t\t\t\t\t\t\t\t\t\t<\/div>\n\t\t\t\t\t\t\t\t<div class=\"pp-info-box-content\">\n\t\t\t\t\t<div class=\"pp-info-box-title-wrap\">\n\t\t\t\t\t\t\t\t\t\t\t\t\t<div class=\"pp-info-box-title-container\">\n\t\t\t\t\t\t\t\t<h4 class=\"pp-info-box-title\">\n\t\t\t\t\t\t\t\t\tInformaci\u00f3n de contacto\t\t\t\t\t\t\t\t<\/h4>\n\t\t\t\t\t\t\t<\/div>\n\t\t\t\t\t\t\t\t\t\t\t\t<\/div>\n\n\t\t\t\t\t\n\t\t\t\t\t\t\t\t\t\t\t<div class=\"pp-info-box-description\">\n\t\t\t\t\t\t\t<p>Telefono fijo: 918930204<\/p><p>M\u00f3vil y WhatsApp: 644680380<\/p><p>Correo: <a href=\"mailto:motosjesus1@hotmail.com\">motosjesus1@hotmail.com<\/a><\/p>\t\t\t\t\t\t<\/div>\n\t\t\t\t\t\t\t\t\t\t\t\t\t\t<\/div>\n\t\t\t<\/div>\n\t\t<\/div>\n\t\t\t\t\t\t<\/div>\n\t\t\t\t<\/div>\n\t\t\t\t\t<\/div>\n\t\t<\/div>\n\t\t\t\t<div class=\"elementor-column elementor-col-33 elementor-inner-column elementor-element elementor-element-80d6f1f\" data-id=\"80d6f1f\" data-element_type=\"column\" data-e-type=\"column\">\n\t\t\t<div class=\"elementor-widget-wrap elementor-element-populated\">\n\t\t\t\t\t\t<div class=\"elementor-element elementor-element-bca5dc4 pp-info-box-left elementor-widget elementor-widget-pp-info-box\" data-id=\"bca5dc4\" data-element_type=\"widget\" data-e-type=\"widget\" data-widget_type=\"pp-info-box.default\">\n\t\t\t\t<div class=\"elementor-widget-container\">\n\t\t\t\t\t\t\t<div class=\"pp-info-box-container\">\n\t\t\t<div class=\"pp-info-box\">\n\t\t\t\t\t\t\t\t\t<div class=\"pp-info-box-icon-wrap\">\n\t\t\t\t\t\t\t\t\t\t\t\t\t\t<span class=\"pp-info-box-icon pp-icon\">\n\t\t\t\t\t\t\t<svg xmlns=\"http:\/\/www.w3.org\/2000\/svg\" height=\"64\" width=\"64\" viewbox=\"0 0 64 64\"><title>event confirm<\/title><g fill=\"#bb0a07\" class=\"nc-icon-wrapper\"><path d=\"M32,12a1,1,0,0,1-1-1V2a1,1,0,0,1,2,0v9A1,1,0,0,1,32,12Z\" fill=\"#9b9b9c\"><\/path><path d=\"M15,12a1,1,0,0,1-1-1V2a1,1,0,0,1,2,0v9A1,1,0,0,1,15,12Z\" fill=\"#9b9b9c\"><\/path><path d=\"M49,12a1,1,0,0,1-1-1V2a1,1,0,0,1,2,0v9A1,1,0,0,1,49,12Z\" fill=\"#9b9b9c\"><\/path><path d=\"M35.587,55H6a1,1,0,0,1-1-1V21a1,1,0,0,1,1-1H58a1,1,0,0,1,1,1V41.211a14.065,14.065,0,0,1,2,2.605V9a2,2,0,0,0-2-2H52v4a3,3,0,0,1-6,0V7H35v4a3,3,0,0,1-6,0V7H18v4a3,3,0,0,1-6,0V7H5A2,2,0,0,0,3,9V55a2,2,0,0,0,2,2H36.365A13.972,13.972,0,0,1,35.587,55Z\" fill=\"#9b9b9c\"><\/path><path d=\"M37,51A12,12,0,1,0,49,39,12,12,0,0,0,37,51Zm18.707-4.707a1,1,0,0,1,0,1.414l-8,8a1,1,0,0,1-1.414,0l-4-4a1,1,0,0,1,1.414-1.414L47,53.586l7.293-7.293A1,1,0,0,1,55.707,46.293Z\" data-color=\"color-2\"><\/path><\/g><\/svg>\t\t\t\t\t\t<\/span>\n\t\t\t\t\t\t\t\t\t\t\t\t\t<\/div>\n\t\t\t\t\t\t\t\t<div class=\"pp-info-box-content\">\n\t\t\t\t\t<div class=\"pp-info-box-title-wrap\">\n\t\t\t\t\t\t\t\t\t\t\t\t\t<div class=\"pp-info-box-title-container\">\n\t\t\t\t\t\t\t\t<h4 class=\"pp-info-box-title\">\n\t\t\t\t\t\t\t\t\tHorario de atenci\u00f3n\t\t\t\t\t\t\t\t<\/h4>\n\t\t\t\t\t\t\t<\/div>\n\t\t\t\t\t\t\t\t\t\t\t\t<\/div>\n\n\t\t\t\t\t\n\t\t\t\t\t\t\t\t\t\t\t<div class=\"pp-info-box-description\">\n\t\t\t\t\t\t\t<p>Lunes a viernes:\u00a0 9:00 a 14:00 y de 16:30 a 19:00<\/p><p>S\u00e1bados de 9:30 a 13:00.<\/p>\t\t\t\t\t\t<\/div>\n\t\t\t\t\t\t\t\t\t\t\t\t\t\t<\/div>\n\t\t\t<\/div>\n\t\t<\/div>\n\t\t\t\t\t\t<\/div>\n\t\t\t\t<\/div>\n\t\t\t\t\t<\/div>\n\t\t<\/div>\n\t\t\t\t<div class=\"elementor-column elementor-col-33 elementor-inner-column elementor-element elementor-element-645f80b\" data-id=\"645f80b\" data-element_type=\"column\" data-e-type=\"column\">\n\t\t\t<div class=\"elementor-widget-wrap elementor-element-populated\">\n\t\t\t\t\t\t<div class=\"elementor-element elementor-element-dea9d80 pp-info-box-left elementor-widget elementor-widget-pp-info-box\" data-id=\"dea9d80\" data-element_type=\"widget\" data-e-type=\"widget\" data-widget_type=\"pp-info-box.default\">\n\t\t\t\t<div class=\"elementor-widget-container\">\n\t\t\t\t\t\t\t<div class=\"pp-info-box-container\">\n\t\t\t<div class=\"pp-info-box\">\n\t\t\t\t\t\t\t\t\t<div class=\"pp-info-box-icon-wrap\">\n\t\t\t\t\t\t\t\t\t\t\t\t\t\t<span class=\"pp-info-box-icon pp-icon\">\n\t\t\t\t\t\t\t<svg xmlns=\"http:\/\/www.w3.org\/2000\/svg\" height=\"64\" width=\"64\" viewbox=\"0 0 64 64\"><title>shop location<\/title><g fill=\"#909192\" class=\"nc-icon-wrapper\"><path data-color=\"color-2\" d=\"M58.868,22.504l-12-21C46.69,1.192,46.359,1,46,1H14c-0.359,0-0.69,0.192-0.868,0.504l-12,21 C1.045,22.655,1,22.826,1,23c0,6.217,4.018,9,8,9c3.126,0,5.675-1.339,7.002-3.455C17.47,30.824,20.338,32,23.182,32 c3.072,0,5.526-1.282,6.818-3.359C31.292,30.718,33.746,32,36.818,32c2.844,0,5.712-1.176,7.179-3.455 C45.325,30.661,47.874,32,51,32c3.982,0,8-2.783,8-9C59,22.826,58.955,22.655,58.868,22.504z\"><\/path><path data-color=\"color-2\" d=\"M52,34.8c-5.407,0-11,4.114-11,11c0,6.539,9.873,16.487,10.293,16.907 C51.488,62.902,51.744,63,52,63s0.512-0.098,0.707-0.293C53.127,62.287,63,52.339,63,45.8C63,38.914,57.407,34.8,52,34.8z M52,48.8 c-1.654,0-3-1.346-3-3s1.346-3,3-3s3,1.346,3,3S53.654,48.8,52,48.8z\"><\/path><path fill=\"#bb0a07\" d=\"M48.798,63C45.959,59.97,39,51.917,39,45.8c0-6.301,3.967-10.626,8.722-12.263 c-1.421-0.411-2.702-1.083-3.751-1.991C42.118,33.096,39.558,34,36.818,34c-2.694,0-5.068-0.826-6.818-2.326 C28.25,33.174,25.876,34,23.182,34c-2.74,0-5.299-0.904-7.153-2.454C14.22,33.111,11.737,34,9,34c-0.665,0-1.336-0.072-2-0.205V61 c0,1.105,0.895,2,2,2h16V49h10v14H48.798z\"><\/path><\/g><\/svg>\t\t\t\t\t\t<\/span>\n\t\t\t\t\t\t\t\t\t\t\t\t\t<\/div>\n\t\t\t\t\t\t\t\t<div class=\"pp-info-box-content\">\n\t\t\t\t\t<div class=\"pp-info-box-title-wrap\">\n\t\t\t\t\t\t\t\t\t\t\t\t\t<div class=\"pp-info-box-title-container\">\n\t\t\t\t\t\t\t\t<h4 class=\"pp-info-box-title\">\n\t\t\t\t\t\t\t\t\tCentro de servicio\t\t\t\t\t\t\t\t<\/h4>\n\t\t\t\t\t\t\t<\/div>\n\t\t\t\t\t\t\t\t\t\t\t\t<\/div>\n\n\t\t\t\t\t\n\t\t\t\t\t\t\t\t\t\t\t<div class=\"pp-info-box-description\">\n\t\t\t\t\t\t\t<p>Calle Catalu\u00f1a, 11, 28350, Ciempozuelos,\u00a0Madrid<\/p>\t\t\t\t\t\t<\/div>\n\t\t\t\t\t\t\t\t\t\t\t\t\t\t<\/div>\n\t\t\t<\/div>\n\t\t<\/div>\n\t\t\t\t\t\t<\/div>\n\t\t\t\t<\/div>\n\t\t\t\t\t<\/div>\n\t\t<\/div>\n\t\t\t\t\t<\/div>\n\t\t<\/div>\n\t\t\t\t<div class=\"elementor-element elementor-element-d083c92 elementor-widget-divider--view-line elementor-widget elementor-widget-divider\" data-id=\"d083c92\" data-element_type=\"widget\" data-e-type=\"widget\" data-widget_type=\"divider.default\">\n\t\t\t\t<div class=\"elementor-widget-container\">\n\t\t\t\t\t\t\t<div class=\"elementor-divider\">\n\t\t\t<span class=\"elementor-divider-separator\">\n\t\t\t\t\t\t<\/span>\n\t\t<\/div>\n\t\t\t\t\t\t<\/div>\n\t\t\t\t<\/div>\n\t\t\t\t\t<\/div>\n\t\t<\/div>\n\t\t\t\t\t<\/div>\n\t\t<\/div>\n\t\t\t\t<div class=\"elementor-section elementor-top-section elementor-element elementor-element-b4f626c elementor-section-boxed elementor-section-height-default elementor-section-height-default\" data-id=\"b4f626c\" data-element_type=\"section\" data-e-type=\"section\">\n\t\t\t\t\t\t<div class=\"elementor-container elementor-column-gap-default\">\n\t\t\t\t\t<div class=\"elementor-column elementor-col-100 elementor-top-column elementor-element elementor-element-d7a8fcd\" data-id=\"d7a8fcd\" data-element_type=\"column\" data-e-type=\"column\">\n\t\t\t<div class=\"elementor-widget-wrap elementor-element-populated\">\n\t\t\t\t\t\t<div class=\"elementor-element elementor-element-e5b31bd elementor-widget elementor-widget-menu-anchor\" data-id=\"e5b31bd\" data-element_type=\"widget\" data-e-type=\"widget\" data-widget_type=\"menu-anchor.default\">\n\t\t\t\t<div class=\"elementor-widget-container\">\n\t\t\t\t\t\t\t<div class=\"elementor-menu-anchor\" id=\"contact\"><\/div>\n\t\t\t\t\t\t<\/div>\n\t\t\t\t<\/div>\n\t\t\t\t<div class=\"elementor-element elementor-element-3fe0fe1 pp-contact-form-7-button-custom elementor-widget elementor-widget-pp-contact-form-7\" data-id=\"3fe0fe1\" data-element_type=\"widget\" data-e-type=\"widget\" data-widget_type=\"pp-contact-form-7.default\">\n\t\t\t\t<div class=\"elementor-widget-container\">\n\t\t\t\t\t\t\t\t\t<div class=\"pp-contact-form pp-contact-form-7 placeholder-show\">\n\t\t\t\t\t\t\t\t\t\t\t<div class=\"pp-contact-form-7-heading\">\n\t\t\t\t\t\t\t\t\t\t\t\t\t\t\t<h3 class=\"pp-contact-form-title pp-contact-form-7-title\">\n\t\t\t\t\t\t\t\t\tCont\u00e1ctanos\t\t\t\t\t\t\t\t<\/h3>\n\t\t\t\t\t\t\t\t\t\t\t\t\t\t\t\t\t\t\t\t\t\t<div class=\"pp-contact-form-description pp-contact-form-7-description\">\n\t\t\t\t\t\t\t\t\tPuedes contactarnos en la direcci\u00f3n y n\u00famero de tel\u00e9fono indicados, o completando el formulario a continuaci\u00f3n.\t\t\t\t\t\t\t\t<\/div>\n\t\t\t\t\t\t\t\t\t\t\t\t\t<\/div>\n\t\t\t\t\t\t\t\t\t\t\n<div class=\"wpcf7 no-js\" id=\"wpcf7-f317-p175-o1\" lang=\"en-US\" dir=\"ltr\" data-wpcf7-id=\"317\">\n<div class=\"screen-reader-response\"><p role=\"status\" aria-live=\"polite\" aria-atomic=\"true\"><\/p> <ul><\/ul><\/div>\n<form action=\"\/en\/contactanos\/#wpcf7-f317-p175-o1\" method=\"post\" class=\"wpcf7-form init\" aria-label=\"Contact form\" novalidate=\"novalidate\" data-status=\"init\" data-trp-original-action=\"\/contactanos\/#wpcf7-f317-p175-o1\">\n<fieldset class=\"hidden-fields-container\"><input type=\"hidden\" name=\"_wpcf7\" value=\"317\" \/><input type=\"hidden\" name=\"_wpcf7_version\" value=\"6.1.5\" \/><input type=\"hidden\" name=\"_wpcf7_locale\" value=\"en_US\" \/><input type=\"hidden\" name=\"_wpcf7_unit_tag\" value=\"wpcf7-f317-p175-o1\" \/><input type=\"hidden\" name=\"_wpcf7_container_post\" value=\"175\" \/><input type=\"hidden\" name=\"_wpcf7_posted_data_hash\" value=\"\" \/>\n<\/fieldset>\n<div class=\"form-row\">\n\t<p><span class=\"wpcf7-form-control-wrap\" data-name=\"text-991\"><input size=\"40\" maxlength=\"400\" class=\"wpcf7-form-control wpcf7-text wpcf7-validates-as-required\" aria-required=\"true\" aria-invalid=\"false\" placeholder=\"Nombre *\" value=\"\" type=\"text\" name=\"text-991\" \/><\/span>\n\t<\/p>\n<\/div>\n<div class=\"form-row ui-grid\">\n\t<p><span class=\"wpcf7-form-control-wrap\" data-name=\"email-755\"><input size=\"40\" maxlength=\"400\" class=\"wpcf7-form-control wpcf7-email wpcf7-validates-as-required wpcf7-text wpcf7-validates-as-email\" aria-required=\"true\" aria-invalid=\"false\" placeholder=\"Correo *\" value=\"\" type=\"email\" name=\"email-755\" \/><\/span><br \/>\n<span class=\"wpcf7-form-control-wrap\" data-name=\"tel-978\"><input size=\"40\" maxlength=\"400\" class=\"wpcf7-form-control wpcf7-tel wpcf7-validates-as-required wpcf7-text wpcf7-validates-as-tel\" aria-required=\"true\" aria-invalid=\"false\" value=\"M\u00f3vil *\" type=\"tel\" name=\"tel-978\" \/><\/span>\n\t<\/p>\n<\/div>\n<div class=\"form-row\">\n\t<p><span class=\"wpcf7-form-control-wrap\" data-name=\"textarea-660\"><textarea cols=\"40\" rows=\"10\" maxlength=\"2000\" class=\"wpcf7-form-control wpcf7-textarea\" aria-invalid=\"false\" name=\"textarea-660\">Mensaje<\/textarea><\/span>\n\t<\/p>\n<\/div>\n<p><input class=\"wpcf7-form-control wpcf7-submit has-spinner\" type=\"submit\" value=\"Enviar\" \/>\n<\/p><div class=\"wpcf7-response-output\" aria-hidden=\"true\"><\/div>\n<input type=\"hidden\" name=\"trp-form-language\" value=\"en\"\/><\/form>\n<\/div>\n\t\t\t\t<\/div>\n\t\t\t\t\t\t\t\t<\/div>\n\t\t\t\t<\/div>\n\t\t\t\t\t<\/div>\n\t\t<\/div>\n\t\t\t\t\t<\/div>\n\t\t<\/div>\n\t\t\t\t<section class=\"elementor-section elementor-top-section elementor-element elementor-element-e7555c7 elementor-section-boxed elementor-section-height-default elementor-section-height-default\" data-id=\"e7555c7\" data-element_type=\"section\" data-e-type=\"section\">\n\t\t\t\t\t\t<div class=\"elementor-container elementor-column-gap-default\">\n\t\t\t\t\t<div class=\"elementor-column elementor-col-100 elementor-top-column elementor-element elementor-element-ad4d15a\" data-id=\"ad4d15a\" data-element_type=\"column\" data-e-type=\"column\">\n\t\t\t<div class=\"elementor-widget-wrap elementor-element-populated\">\n\t\t\t\t\t\t<div class=\"elementor-element elementor-element-a01eab7 elementor-widget elementor-widget-text-editor\" data-id=\"a01eab7\" data-element_type=\"widget\" data-e-type=\"widget\" data-widget_type=\"text-editor.default\">\n\t\t\t\t<div class=\"elementor-widget-container\">\n\t\t\t\t\t\t\t\t\t<p>Financiado por el Programa KIT Digital. Plan de Recuperaci\u00f3n, Transformaci\u00f3n y Resiliencia de Espa\u00f1a \u00abNext Generation EU\u00bb. IMPORTE SUBVENCIONADO: 2000.00\u20ac Categor\u00eda Sitio web y presencia en internet.<\/p>\t\t\t\t\t\t\t\t<\/div>\n\t\t\t\t<\/div>\n\t\t\t\t<section class=\"elementor-section elementor-inner-section elementor-element elementor-element-87b3bb8 elementor-section-boxed elementor-section-height-default elementor-section-height-default\" data-id=\"87b3bb8\" data-element_type=\"section\" data-e-type=\"section\">\n\t\t\t\t\t\t<div class=\"elementor-container elementor-column-gap-default\">\n\t\t\t\t\t<div class=\"elementor-column elementor-col-50 elementor-inner-column elementor-element elementor-element-93d8106\" data-id=\"93d8106\" data-element_type=\"column\" data-e-type=\"column\">\n\t\t\t<div class=\"elementor-widget-wrap elementor-element-populated\">\n\t\t\t\t\t\t<div class=\"elementor-element elementor-element-651367e elementor-widget elementor-widget-image\" data-id=\"651367e\" data-element_type=\"widget\" data-e-type=\"widget\" data-widget_type=\"image.default\">\n\t\t\t\t<div class=\"elementor-widget-container\">\n\t\t\t\t\t\t\t\t\t\t\t\t\t\t\t<img fetchpriority=\"high\" decoding=\"async\" width=\"480\" height=\"270\" src=\"https:\/\/motosjesus.com\/wp-content\/uploads\/2023\/07\/LogoPRTRdoslineas_COLOR_480x480.webp\" class=\"attachment-large size-large wp-image-868\" alt=\"\" srcset=\"https:\/\/motosjesus.com\/wp-content\/uploads\/2023\/07\/LogoPRTRdoslineas_COLOR_480x480.webp 480w, https:\/\/motosjesus.com\/wp-content\/uploads\/2023\/07\/LogoPRTRdoslineas_COLOR_480x480-300x169.webp 300w\" sizes=\"(max-width: 480px) 100vw, 480px\" \/>\t\t\t\t\t\t\t\t\t\t\t\t\t\t\t<\/div>\n\t\t\t\t<\/div>\n\t\t\t\t\t<\/div>\n\t\t<\/div>\n\t\t\t\t<div class=\"elementor-column elementor-col-50 elementor-inner-column elementor-element elementor-element-4a0f7c4\" data-id=\"4a0f7c4\" data-element_type=\"column\" data-e-type=\"column\">\n\t\t\t<div class=\"elementor-widget-wrap elementor-element-populated\">\n\t\t\t\t\t\t<div class=\"elementor-element elementor-element-3247326 elementor-widget elementor-widget-image\" data-id=\"3247326\" data-element_type=\"widget\" data-e-type=\"widget\" data-widget_type=\"image.default\">\n\t\t\t\t<div class=\"elementor-widget-container\">\n\t\t\t\t\t\t\t\t\t\t\t\t\t\t\t<img decoding=\"async\" width=\"480\" height=\"141\" src=\"https:\/\/motosjesus.com\/wp-content\/uploads\/2023\/07\/ES-Financiado-por-la-Union-Europea_POS-2048x601_480x480.png\" class=\"attachment-large size-large wp-image-867\" alt=\"\" srcset=\"https:\/\/motosjesus.com\/wp-content\/uploads\/2023\/07\/ES-Financiado-por-la-Union-Europea_POS-2048x601_480x480.png 480w, https:\/\/motosjesus.com\/wp-content\/uploads\/2023\/07\/ES-Financiado-por-la-Union-Europea_POS-2048x601_480x480-300x88.png 300w\" sizes=\"(max-width: 480px) 100vw, 480px\" \/>\t\t\t\t\t\t\t\t\t\t\t\t\t\t\t<\/div>\n\t\t\t\t<\/div>\n\t\t\t\t\t<\/div>\n\t\t<\/div>\n\t\t\t\t\t<\/div>\n\t\t<\/section>\n\t\t\t\t\t<\/div>\n\t\t<\/div>\n\t\t\t\t\t<\/div>\n\t\t<\/section>\n\t\t\t\t<\/div>","protected":false},"excerpt":{"rendered":"<p>miner Informaci\u00f3n de contacto Telefono fijo: 918930204 M\u00f3vil y WhatsApp: 644680380 Correo: motosjesus1@hotmail.com event confirm Horario de atenci\u00f3n Lunes a viernes:\u00a0 9:00 a 14:00 y de 16:30 a 19:00 S\u00e1bados de 9:30 a 13:00. shop location Centro de servicio Calle Catalu\u00f1a, 11, 28350, Ciempozuelos,\u00a0Madrid Cont\u00e1ctanos Puedes contactarnos en la direcci\u00f3n y n\u00famero de tel\u00e9fono indicados, [&hellip;]<\/p>\n","protected":false},"author":1,"featured_media":505,"parent":0,"menu_order":0,"comment_status":"closed","ping_status":"closed","template":"tmpl\/template-fullwidth.php","meta":{"_acf_changed":false,"inline_featured_image":false,"footnotes":""},"class_list":["post-175","page","type-page","status-publish","has-post-thumbnail","hentry"],"acf":[],"yoast_head":"<!-- This site is optimized with the Yoast SEO plugin v27.4 - https:\/\/yoast.com\/product\/yoast-seo-wordpress\/ -->\n<title>Cont\u00e1ctanos - Motos Jesus<\/title>\n<meta name=\"robots\" content=\"index, follow, max-snippet:-1, max-image-preview:large, max-video-preview:-1\" \/>\n<link rel=\"canonical\" href=\"https:\/\/motosjesus.com\/en\/contactanos\/\" \/>\n<meta property=\"og:locale\" content=\"en_US\" \/>\n<meta property=\"og:type\" content=\"article\" \/>\n<meta property=\"og:title\" content=\"Cont\u00e1ctanos - Motos Jesus\" \/>\n<meta property=\"og:description\" content=\"miner Informaci\u00f3n de contacto Telefono fijo: 918930204 M\u00f3vil y WhatsApp: 644680380 Correo: motosjesus1@hotmail.com event confirm Horario de atenci\u00f3n Lunes a viernes:\u00a0 9:00 a 14:00 y de 16:30 a 19:00 S\u00e1bados de 9:30 a 13:00. shop location Centro de servicio Calle Catalu\u00f1a, 11, 28350, Ciempozuelos,\u00a0Madrid Cont\u00e1ctanos Puedes contactarnos en la direcci\u00f3n y n\u00famero de tel\u00e9fono indicados, [&hellip;]\" \/>\n<meta property=\"og:url\" content=\"https:\/\/motosjesus.com\/en\/contactanos\/\" \/>\n<meta property=\"og:site_name\" content=\"Motos Jesus\" \/>\n<meta property=\"article:modified_time\" content=\"2023-07-20T06:19:16+00:00\" \/>\n<meta property=\"og:image\" content=\"https:\/\/motosjesus.com\/wp-content\/uploads\/2023\/06\/Screenshot-2023-06-13-at-15.58.34.png\" \/>\n\t<meta property=\"og:image:width\" content=\"1495\" \/>\n\t<meta property=\"og:image:height\" content=\"723\" \/>\n\t<meta property=\"og:image:type\" content=\"image\/png\" \/>\n<meta name=\"twitter:card\" content=\"summary_large_image\" \/>\n<meta name=\"twitter:label1\" content=\"Est. reading time\" \/>\n\t<meta name=\"twitter:data1\" content=\"1 minute\" \/>\n<script type=\"application\/ld+json\" class=\"yoast-schema-graph\">{\"@context\":\"https:\\\/\\\/schema.org\",\"@graph\":[{\"@type\":\"WebPage\",\"@id\":\"https:\\\/\\\/motosjesus.com\\\/contactanos\\\/\",\"url\":\"https:\\\/\\\/motosjesus.com\\\/contactanos\\\/\",\"name\":\"Cont\u00e1ctanos - Motos Jesus\",\"isPartOf\":{\"@id\":\"https:\\\/\\\/motosjesus.com\\\/#website\"},\"primaryImageOfPage\":{\"@id\":\"https:\\\/\\\/motosjesus.com\\\/contactanos\\\/#primaryimage\"},\"image\":{\"@id\":\"https:\\\/\\\/motosjesus.com\\\/contactanos\\\/#primaryimage\"},\"thumbnailUrl\":\"https:\\\/\\\/motosjesus.com\\\/wp-content\\\/uploads\\\/2023\\\/06\\\/Screenshot-2023-06-13-at-15.58.34.png\",\"datePublished\":\"2021-12-13T04:45:44+00:00\",\"dateModified\":\"2023-07-20T06:19:16+00:00\",\"breadcrumb\":{\"@id\":\"https:\\\/\\\/motosjesus.com\\\/contactanos\\\/#breadcrumb\"},\"inLanguage\":\"en-US\",\"potentialAction\":[{\"@type\":\"ReadAction\",\"target\":[\"https:\\\/\\\/motosjesus.com\\\/contactanos\\\/\"]}]},{\"@type\":\"ImageObject\",\"inLanguage\":\"en-US\",\"@id\":\"https:\\\/\\\/motosjesus.com\\\/contactanos\\\/#primaryimage\",\"url\":\"https:\\\/\\\/motosjesus.com\\\/wp-content\\\/uploads\\\/2023\\\/06\\\/Screenshot-2023-06-13-at-15.58.34.png\",\"contentUrl\":\"https:\\\/\\\/motosjesus.com\\\/wp-content\\\/uploads\\\/2023\\\/06\\\/Screenshot-2023-06-13-at-15.58.34.png\",\"width\":1495,\"height\":723},{\"@type\":\"BreadcrumbList\",\"@id\":\"https:\\\/\\\/motosjesus.com\\\/contactanos\\\/#breadcrumb\",\"itemListElement\":[{\"@type\":\"ListItem\",\"position\":1,\"name\":\"Home\",\"item\":\"https:\\\/\\\/motosjesus.com\\\/\"},{\"@type\":\"ListItem\",\"position\":2,\"name\":\"Cont\u00e1ctanos\"}]},{\"@type\":\"WebSite\",\"@id\":\"https:\\\/\\\/motosjesus.com\\\/#website\",\"url\":\"https:\\\/\\\/motosjesus.com\\\/\",\"name\":\"Motos Jesus\",\"description\":\"motosjesus\",\"potentialAction\":[{\"@type\":\"SearchAction\",\"target\":{\"@type\":\"EntryPoint\",\"urlTemplate\":\"https:\\\/\\\/motosjesus.com\\\/?s={search_term_string}\"},\"query-input\":{\"@type\":\"PropertyValueSpecification\",\"valueRequired\":true,\"valueName\":\"search_term_string\"}}],\"inLanguage\":\"en-US\"}]}<\/script>\n<!-- \/ Yoast SEO plugin. -->","yoast_head_json":{"title":"Cont\u00e1ctanos - Motos Jesus","robots":{"index":"index","follow":"follow","max-snippet":"max-snippet:-1","max-image-preview":"max-image-preview:large","max-video-preview":"max-video-preview:-1"},"canonical":"https:\/\/motosjesus.com\/en\/contactanos\/","og_locale":"en_US","og_type":"article","og_title":"Cont\u00e1ctanos - Motos Jesus","og_description":"miner Informaci\u00f3n de contacto Telefono fijo: 918930204 M\u00f3vil y WhatsApp: 644680380 Correo: motosjesus1@hotmail.com event confirm Horario de atenci\u00f3n Lunes a viernes:\u00a0 9:00 a 14:00 y de 16:30 a 19:00 S\u00e1bados de 9:30 a 13:00. shop location Centro de servicio Calle Catalu\u00f1a, 11, 28350, Ciempozuelos,\u00a0Madrid Cont\u00e1ctanos Puedes contactarnos en la direcci\u00f3n y n\u00famero de tel\u00e9fono indicados, [&hellip;]","og_url":"https:\/\/motosjesus.com\/en\/contactanos\/","og_site_name":"Motos Jesus","article_modified_time":"2023-07-20T06:19:16+00:00","og_image":[{"width":1495,"height":723,"url":"https:\/\/motosjesus.com\/wp-content\/uploads\/2023\/06\/Screenshot-2023-06-13-at-15.58.34.png","type":"image\/png"}],"twitter_card":"summary_large_image","twitter_misc":{"Est. reading time":"1 minute"},"schema":{"@context":"https:\/\/schema.org","@graph":[{"@type":"WebPage","@id":"https:\/\/motosjesus.com\/contactanos\/","url":"https:\/\/motosjesus.com\/contactanos\/","name":"Cont\u00e1ctanos - Motos Jesus","isPartOf":{"@id":"https:\/\/motosjesus.com\/#website"},"primaryImageOfPage":{"@id":"https:\/\/motosjesus.com\/contactanos\/#primaryimage"},"image":{"@id":"https:\/\/motosjesus.com\/contactanos\/#primaryimage"},"thumbnailUrl":"https:\/\/motosjesus.com\/wp-content\/uploads\/2023\/06\/Screenshot-2023-06-13-at-15.58.34.png","datePublished":"2021-12-13T04:45:44+00:00","dateModified":"2023-07-20T06:19:16+00:00","breadcrumb":{"@id":"https:\/\/motosjesus.com\/contactanos\/#breadcrumb"},"inLanguage":"en-US","potentialAction":[{"@type":"ReadAction","target":["https:\/\/motosjesus.com\/contactanos\/"]}]},{"@type":"ImageObject","inLanguage":"en-US","@id":"https:\/\/motosjesus.com\/contactanos\/#primaryimage","url":"https:\/\/motosjesus.com\/wp-content\/uploads\/2023\/06\/Screenshot-2023-06-13-at-15.58.34.png","contentUrl":"https:\/\/motosjesus.com\/wp-content\/uploads\/2023\/06\/Screenshot-2023-06-13-at-15.58.34.png","width":1495,"height":723},{"@type":"BreadcrumbList","@id":"https:\/\/motosjesus.com\/contactanos\/#breadcrumb","itemListElement":[{"@type":"ListItem","position":1,"name":"Home","item":"https:\/\/motosjesus.com\/"},{"@type":"ListItem","position":2,"name":"Cont\u00e1ctanos"}]},{"@type":"WebSite","@id":"https:\/\/motosjesus.com\/#website","url":"https:\/\/motosjesus.com\/","name":"Motos Jesus","description":"motosjesus","potentialAction":[{"@type":"SearchAction","target":{"@type":"EntryPoint","urlTemplate":"https:\/\/motosjesus.com\/?s={search_term_string}"},"query-input":{"@type":"PropertyValueSpecification","valueRequired":true,"valueName":"search_term_string"}}],"inLanguage":"en-US"}]}},"_links":{"self":[{"href":"https:\/\/motosjesus.com\/en\/wp-json\/wp\/v2\/pages\/175","targetHints":{"allow":["GET"]}}],"collection":[{"href":"https:\/\/motosjesus.com\/en\/wp-json\/wp\/v2\/pages"}],"about":[{"href":"https:\/\/motosjesus.com\/en\/wp-json\/wp\/v2\/types\/page"}],"author":[{"embeddable":true,"href":"https:\/\/motosjesus.com\/en\/wp-json\/wp\/v2\/users\/1"}],"replies":[{"embeddable":true,"href":"https:\/\/motosjesus.com\/en\/wp-json\/wp\/v2\/comments?post=175"}],"version-history":[{"count":15,"href":"https:\/\/motosjesus.com\/en\/wp-json\/wp\/v2\/pages\/175\/revisions"}],"predecessor-version":[{"id":871,"href":"https:\/\/motosjesus.com\/en\/wp-json\/wp\/v2\/pages\/175\/revisions\/871"}],"wp:featuredmedia":[{"embeddable":true,"href":"https:\/\/motosjesus.com\/en\/wp-json\/wp\/v2\/media\/505"}],"wp:attachment":[{"href":"https:\/\/motosjesus.com\/en\/wp-json\/wp\/v2\/media?parent=175"}],"curies":[{"name":"wp","href":"https:\/\/api.w.org\/{rel}","templated":true}]}}